{"id":1259,"date":"2026-02-19T18:50:34","date_gmt":"2026-02-19T16:50:34","guid":{"rendered":"https:\/\/www.kivennapa.com\/tuote\/saunamokki-tonteri-21-hlo\/"},"modified":"2026-05-15T11:39:49","modified_gmt":"2026-05-15T09:39:49","slug":"saunamokki-tonteri-21-hlo","status":"publish","type":"product","link":"https:\/\/www.kivennapa.com\/en\/tuote\/saunamokki-tonteri-21-hlo\/","title":{"rendered":"Saunam\u00f6kki Tonteri 2+1 hl\u00f6"},"content":{"rendered":"<p>M\u00f6kki sijaitsee luonnon kauniilla paikalla aivan Suur-Pieks\u00e4n rannalla. Voit l\u00e4mmitt\u00e4\u00e4 saunan tai nauttia kes\u00e4isest\u00e4 p\u00e4iv\u00e4st\u00e4 rantakalliolla sek\u00e4 pulahtaa j\u00e4rven vilvoittaviin aaltoihin. Kes\u00e4m\u00f6kin tunnelmaa luovat perinteinen ulkohuussi ja rannasta l\u00f6ytyv\u00e4 nuotiopaikka puutarhakalusteineen.<br \/>\nLis\u00e4ksi, jos haluat j\u00e4rvelle, soutuvene on vierailijoiden k\u00e4ytett\u00e4viss\u00e4.<\/p>\n<p>M\u00f6kin varusteluun kuuluvat j\u00e4\u00e4kaappi, takka, keittolevy, tiskiallas, kahvinkeitin ja luonnollisesti oma sauna. Nukkumapaikkoina toimivat alkovi (196\u00d7160) ja levitett\u00e4v\u00e4 vuodesohva (190\u00d7120). M\u00f6kkiin eiv\u00e4t sis\u00e4lly liinavaatteet, joten tuothan omasi mukanasi. Pyyhkeet ovat talon puolesta. M\u00f6kiss\u00e4 ei ole juoksevaa vett\u00e4, vaan juomavesi l\u00f6ytyy astiasta.<\/p>\n<p>M\u00f6kin pihaan p\u00e4\u00e4set k\u00e4tev\u00e4sti autolla. Seuraat vain pisteaidan vierustaa rantaan.<\/p>\n<p>&nbsp;<\/p>\n<p>Kaikki uniikit majoitusvaihtohtomme sijaitsevat maan tasossa ja jokaisesta vieh\u00e4tt\u00e4v\u00e4st\u00e4 majoituksesta avautuu kaunis ja rauhoittava maisema vehre\u00e4\u00e4n puutarhaamme tai siniselle j\u00e4rvelle.<\/p>\n","protected":false},"excerpt":{"rendered":"<p>Tonteri saunam\u00f6kki 2+1 vuodepaikkaa, s\u00e4hk\u00f6 on, ei juoksevaa vett\u00e4 (k\u00e4yt\u00f6ss\u00e4 vain kes\u00e4isin)<\/p>\n","protected":false},"featured_media":1329,"template":"","meta":[],"product_brand":[],"product_cat":[41,40],"product_tag":[],"class_list":{"0":"post-1259","1":"product","2":"type-product","3":"status-publish","4":"has-post-thumbnail","6":"product_cat-majoitukset","7":"product_cat-rantasaunamokit","9":"first","10":"instock","11":"virtual","12":"taxable","13":"purchasable","14":"product-type-simple_booking"},"yoast_head":"<!-- This site is optimized with the Yoast SEO plugin v27.6 - https:\/\/yoast.com\/product\/yoast-seo-wordpress\/ -->\n<title>Saunam\u00f6kki Tonteri 2+1 hl\u00f6 - Kivennapa<\/title>\n<meta name=\"robots\" content=\"index, follow, max-snippet:-1, max-image-preview:large, max-video-preview:-1\" \/>\n<link rel=\"canonical\" href=\"https:\/\/www.kivennapa.com\/tuote\/saunamokki-tonteri-21-hlo\/\" \/>\n<meta property=\"og:locale\" content=\"en_US\" \/>\n<meta property=\"og:type\" content=\"article\" \/>\n<meta property=\"og:title\" content=\"Saunam\u00f6kki Tonteri 2+1 hl\u00f6 - Kivennapa\" \/>\n<meta property=\"og:description\" content=\"Tonteri saunam\u00f6kki 2+1 vuodepaikkaa, s\u00e4hk\u00f6 on, ei juoksevaa vett\u00e4 (k\u00e4yt\u00f6ss\u00e4 vain kes\u00e4isin)\" \/>\n<meta property=\"og:url\" content=\"https:\/\/www.kivennapa.com\/tuote\/saunamokki-tonteri-21-hlo\/\" \/>\n<meta property=\"og:site_name\" content=\"Kivennapa\" \/>\n<meta property=\"article:publisher\" content=\"https:\/\/www.facebook.com\/KivennapaMatkailukartano\/\" \/>\n<meta property=\"article:modified_time\" content=\"2026-05-15T09:39:49+00:00\" \/>\n<meta property=\"og:image\" content=\"https:\/\/www.kivennapa.com\/wp-content\/uploads\/2026\/02\/IMG_20210410_114411-scaled.jpg\" \/>\n\t<meta property=\"og:image:width\" content=\"2560\" \/>\n\t<meta property=\"og:image:height\" content=\"1920\" \/>\n\t<meta property=\"og:image:type\" content=\"image\/jpeg\" \/>\n<meta name=\"twitter:card\" content=\"summary_large_image\" \/>\n<meta name=\"twitter:label1\" content=\"Est. reading time\" \/>\n\t<meta name=\"twitter:data1\" content=\"1 minute\" \/>\n<script type=\"application\/ld+json\" class=\"yoast-schema-graph\">{\"@context\":\"https:\\\/\\\/schema.org\",\"@graph\":[{\"@type\":\"WebPage\",\"@id\":\"https:\\\/\\\/www.kivennapa.com\\\/tuote\\\/saunamokki-tonteri-21-hlo\\\/\",\"url\":\"https:\\\/\\\/www.kivennapa.com\\\/tuote\\\/saunamokki-tonteri-21-hlo\\\/\",\"name\":\"Saunam\u00f6kki Tonteri 2+1 hl\u00f6 - Kivennapa\",\"isPartOf\":{\"@id\":\"https:\\\/\\\/www.kivennapa.com\\\/#website\"},\"primaryImageOfPage\":{\"@id\":\"https:\\\/\\\/www.kivennapa.com\\\/tuote\\\/saunamokki-tonteri-21-hlo\\\/#primaryimage\"},\"image\":{\"@id\":\"https:\\\/\\\/www.kivennapa.com\\\/tuote\\\/saunamokki-tonteri-21-hlo\\\/#primaryimage\"},\"thumbnailUrl\":\"https:\\\/\\\/www.kivennapa.com\\\/wp-content\\\/uploads\\\/2026\\\/02\\\/IMG_20210410_114411-scaled.jpg\",\"datePublished\":\"2026-02-19T16:50:34+00:00\",\"dateModified\":\"2026-05-15T09:39:49+00:00\",\"breadcrumb\":{\"@id\":\"https:\\\/\\\/www.kivennapa.com\\\/tuote\\\/saunamokki-tonteri-21-hlo\\\/#breadcrumb\"},\"inLanguage\":\"en-US\",\"potentialAction\":[{\"@type\":\"ReadAction\",\"target\":[\"https:\\\/\\\/www.kivennapa.com\\\/tuote\\\/saunamokki-tonteri-21-hlo\\\/\"]}]},{\"@type\":\"ImageObject\",\"inLanguage\":\"en-US\",\"@id\":\"https:\\\/\\\/www.kivennapa.com\\\/tuote\\\/saunamokki-tonteri-21-hlo\\\/#primaryimage\",\"url\":\"https:\\\/\\\/www.kivennapa.com\\\/wp-content\\\/uploads\\\/2026\\\/02\\\/IMG_20210410_114411-scaled.jpg\",\"contentUrl\":\"https:\\\/\\\/www.kivennapa.com\\\/wp-content\\\/uploads\\\/2026\\\/02\\\/IMG_20210410_114411-scaled.jpg\",\"width\":2560,\"height\":1920},{\"@type\":\"BreadcrumbList\",\"@id\":\"https:\\\/\\\/www.kivennapa.com\\\/tuote\\\/saunamokki-tonteri-21-hlo\\\/#breadcrumb\",\"itemListElement\":[{\"@type\":\"ListItem\",\"position\":1,\"name\":\"Etusivu\",\"item\":\"https:\\\/\\\/www.kivennapa.com\\\/en\\\/home\\\/\"},{\"@type\":\"ListItem\",\"position\":2,\"name\":\"Varattavat kohteet\",\"item\":\"https:\\\/\\\/www.kivennapa.com\\\/varauskohteet\\\/\"},{\"@type\":\"ListItem\",\"position\":3,\"name\":\"Saunam\u00f6kki Tonteri 2+1 hl\u00f6\"}]},{\"@type\":\"WebSite\",\"@id\":\"https:\\\/\\\/www.kivennapa.com\\\/#website\",\"url\":\"https:\\\/\\\/www.kivennapa.com\\\/\",\"name\":\"Kivennapa\",\"description\":\"The best a meeting can get\",\"publisher\":{\"@id\":\"https:\\\/\\\/www.kivennapa.com\\\/#organization\"},\"potentialAction\":[{\"@type\":\"SearchAction\",\"target\":{\"@type\":\"EntryPoint\",\"urlTemplate\":\"https:\\\/\\\/www.kivennapa.com\\\/?s={search_term_string}\"},\"query-input\":{\"@type\":\"PropertyValueSpecification\",\"valueRequired\":true,\"valueName\":\"search_term_string\"}}],\"inLanguage\":\"en-US\"},{\"@type\":\"Organization\",\"@id\":\"https:\\\/\\\/www.kivennapa.com\\\/#organization\",\"name\":\"Maatilamatkailu Kivennapa\",\"url\":\"https:\\\/\\\/www.kivennapa.com\\\/\",\"logo\":{\"@type\":\"ImageObject\",\"inLanguage\":\"en-US\",\"@id\":\"https:\\\/\\\/www.kivennapa.com\\\/#\\\/schema\\\/logo\\\/image\\\/\",\"url\":\"https:\\\/\\\/www.kivennapa.com\\\/wp-content\\\/uploads\\\/2026\\\/03\\\/Kivennapa-logo.png\",\"contentUrl\":\"https:\\\/\\\/www.kivennapa.com\\\/wp-content\\\/uploads\\\/2026\\\/03\\\/Kivennapa-logo.png\",\"width\":1361,\"height\":444,\"caption\":\"Maatilamatkailu Kivennapa\"},\"image\":{\"@id\":\"https:\\\/\\\/www.kivennapa.com\\\/#\\\/schema\\\/logo\\\/image\\\/\"},\"sameAs\":[\"https:\\\/\\\/www.facebook.com\\\/KivennapaMatkailukartano\\\/\"]}]}<\/script>\n<!-- \/ Yoast SEO plugin. -->","yoast_head_json":{"title":"Saunam\u00f6kki Tonteri 2+1 hl\u00f6 - Kivennapa","robots":{"index":"index","follow":"follow","max-snippet":"max-snippet:-1","max-image-preview":"max-image-preview:large","max-video-preview":"max-video-preview:-1"},"canonical":"https:\/\/www.kivennapa.com\/tuote\/saunamokki-tonteri-21-hlo\/","og_locale":"en_US","og_type":"article","og_title":"Saunam\u00f6kki Tonteri 2+1 hl\u00f6 - Kivennapa","og_description":"Tonteri saunam\u00f6kki 2+1 vuodepaikkaa, s\u00e4hk\u00f6 on, ei juoksevaa vett\u00e4 (k\u00e4yt\u00f6ss\u00e4 vain kes\u00e4isin)","og_url":"https:\/\/www.kivennapa.com\/tuote\/saunamokki-tonteri-21-hlo\/","og_site_name":"Kivennapa","article_publisher":"https:\/\/www.facebook.com\/KivennapaMatkailukartano\/","article_modified_time":"2026-05-15T09:39:49+00:00","og_image":[{"width":2560,"height":1920,"url":"https:\/\/www.kivennapa.com\/wp-content\/uploads\/2026\/02\/IMG_20210410_114411-scaled.jpg","type":"image\/jpeg"}],"twitter_card":"summary_large_image","twitter_misc":{"Est. reading time":"1 minute"},"schema":{"@context":"https:\/\/schema.org","@graph":[{"@type":"WebPage","@id":"https:\/\/www.kivennapa.com\/tuote\/saunamokki-tonteri-21-hlo\/","url":"https:\/\/www.kivennapa.com\/tuote\/saunamokki-tonteri-21-hlo\/","name":"Saunam\u00f6kki Tonteri 2+1 hl\u00f6 - Kivennapa","isPartOf":{"@id":"https:\/\/www.kivennapa.com\/#website"},"primaryImageOfPage":{"@id":"https:\/\/www.kivennapa.com\/tuote\/saunamokki-tonteri-21-hlo\/#primaryimage"},"image":{"@id":"https:\/\/www.kivennapa.com\/tuote\/saunamokki-tonteri-21-hlo\/#primaryimage"},"thumbnailUrl":"https:\/\/www.kivennapa.com\/wp-content\/uploads\/2026\/02\/IMG_20210410_114411-scaled.jpg","datePublished":"2026-02-19T16:50:34+00:00","dateModified":"2026-05-15T09:39:49+00:00","breadcrumb":{"@id":"https:\/\/www.kivennapa.com\/tuote\/saunamokki-tonteri-21-hlo\/#breadcrumb"},"inLanguage":"en-US","potentialAction":[{"@type":"ReadAction","target":["https:\/\/www.kivennapa.com\/tuote\/saunamokki-tonteri-21-hlo\/"]}]},{"@type":"ImageObject","inLanguage":"en-US","@id":"https:\/\/www.kivennapa.com\/tuote\/saunamokki-tonteri-21-hlo\/#primaryimage","url":"https:\/\/www.kivennapa.com\/wp-content\/uploads\/2026\/02\/IMG_20210410_114411-scaled.jpg","contentUrl":"https:\/\/www.kivennapa.com\/wp-content\/uploads\/2026\/02\/IMG_20210410_114411-scaled.jpg","width":2560,"height":1920},{"@type":"BreadcrumbList","@id":"https:\/\/www.kivennapa.com\/tuote\/saunamokki-tonteri-21-hlo\/#breadcrumb","itemListElement":[{"@type":"ListItem","position":1,"name":"Etusivu","item":"https:\/\/www.kivennapa.com\/en\/home\/"},{"@type":"ListItem","position":2,"name":"Varattavat kohteet","item":"https:\/\/www.kivennapa.com\/varauskohteet\/"},{"@type":"ListItem","position":3,"name":"Saunam\u00f6kki Tonteri 2+1 hl\u00f6"}]},{"@type":"WebSite","@id":"https:\/\/www.kivennapa.com\/#website","url":"https:\/\/www.kivennapa.com\/","name":"Kivennapa","description":"The best a meeting can get","publisher":{"@id":"https:\/\/www.kivennapa.com\/#organization"},"potentialAction":[{"@type":"SearchAction","target":{"@type":"EntryPoint","urlTemplate":"https:\/\/www.kivennapa.com\/?s={search_term_string}"},"query-input":{"@type":"PropertyValueSpecification","valueRequired":true,"valueName":"search_term_string"}}],"inLanguage":"en-US"},{"@type":"Organization","@id":"https:\/\/www.kivennapa.com\/#organization","name":"Maatilamatkailu Kivennapa","url":"https:\/\/www.kivennapa.com\/","logo":{"@type":"ImageObject","inLanguage":"en-US","@id":"https:\/\/www.kivennapa.com\/#\/schema\/logo\/image\/","url":"https:\/\/www.kivennapa.com\/wp-content\/uploads\/2026\/03\/Kivennapa-logo.png","contentUrl":"https:\/\/www.kivennapa.com\/wp-content\/uploads\/2026\/03\/Kivennapa-logo.png","width":1361,"height":444,"caption":"Maatilamatkailu Kivennapa"},"image":{"@id":"https:\/\/www.kivennapa.com\/#\/schema\/logo\/image\/"},"sameAs":["https:\/\/www.facebook.com\/KivennapaMatkailukartano\/"]}]}},"publishpress_future_workflow_manual_trigger":{"enabledWorkflows":[]},"_links":{"self":[{"href":"https:\/\/www.kivennapa.com\/en\/wp-json\/wp\/v2\/product\/1259","targetHints":{"allow":["GET"]}}],"collection":[{"href":"https:\/\/www.kivennapa.com\/en\/wp-json\/wp\/v2\/product"}],"about":[{"href":"https:\/\/www.kivennapa.com\/en\/wp-json\/wp\/v2\/types\/product"}],"wp:featuredmedia":[{"embeddable":true,"href":"https:\/\/www.kivennapa.com\/en\/wp-json\/wp\/v2\/media\/1329"}],"wp:attachment":[{"href":"https:\/\/www.kivennapa.com\/en\/wp-json\/wp\/v2\/media?parent=1259"}],"wp:term":[{"taxonomy":"product_brand","embeddable":true,"href":"https:\/\/www.kivennapa.com\/en\/wp-json\/wp\/v2\/product_brand?post=1259"},{"taxonomy":"product_cat","embeddable":true,"href":"https:\/\/www.kivennapa.com\/en\/wp-json\/wp\/v2\/product_cat?post=1259"},{"taxonomy":"product_tag","embeddable":true,"href":"https:\/\/www.kivennapa.com\/en\/wp-json\/wp\/v2\/product_tag?post=1259"}],"curies":[{"name":"wp","href":"https:\/\/api.w.org\/{rel}","templated":true}]}}