{"id":1260,"date":"2026-02-19T18:50:34","date_gmt":"2026-02-19T16:50:34","guid":{"rendered":"https:\/\/www.kivennapa.com\/tuote\/mokki-riihisyrja\/"},"modified":"2026-05-15T10:56:43","modified_gmt":"2026-05-15T08:56:43","slug":"mokki-riihisyrja","status":"publish","type":"product","link":"https:\/\/www.kivennapa.com\/en\/tuote\/mokki-riihisyrja\/","title":{"rendered":"M\u00f6kki Riihisyrj\u00e4 (p\u00e4iv\u00e4varaus max. 5 y\u00f6t\u00e4)"},"content":{"rendered":"<p>M\u00f6kiss\u00e4 on 10 hengen uusittu karjalaa huokuva sauna marmoroidulla kylpyhuoneella ja uusitulla pukuhuonetiloilla. 2 wc:t\u00e4 ja pyykinpesukone. Yl\u00e4kerrassa on 2 makuuhuonetta sek\u00e4 parvi. Alakerrassa on oleskelutila sohvilla ja isolla tuvan p\u00f6yd\u00e4ll\u00e4. Varusteluun kuuluu ilmal\u00e4mp\u00f6pumppu, uusittu keitti\u00f6 j\u00e4\u00e4kaappipakastimella, kaasugrilli, astianpesukone, liesiuuni, mikro ja kahvin- sek\u00e4 vedenkeitin.<br \/>\nLis\u00e4maksusta<br \/>\n\u2013 Lis\u00e4henkil\u00f6t + 50 \u20ac\/hl\u00f6 (max. 9 hl\u00f6)<br \/>\n\u2013 Loppusiivous + 150 \u20ac<br \/>\n\u2013 Liinavaatteet + 26 \u20ac\/hl\u00f6 (pyyhe,lakana,tyynyliina,pussilakana)<br \/>\n\u2013 Aamiaiset + 16 \u20ac\/hl\u00f6<\/p>\n<p>Koko talo ja tontti on k\u00e4yt\u00f6ss\u00e4nne. Et\u00e4isyyksi\u00e4:<br \/>\nMuuruvesi 14 km<br \/>\nJuankoski 25 km<br \/>\nNilsi\u00e4 25 km<br \/>\nSiilinj\u00e4rvi 30 km<br \/>\nTahkovuori 35 km<br \/>\nKuopio 50 km<br \/>\nTuusniemi 50 km<br \/>\nJoensuu 135 km<br \/>\nHelsinki 440 km<\/p>\n<p>&nbsp;<\/p>\n<p>Kaikki uniikit majoitusvaihtohtomme sijaitsevat maan tasossa ja jokaisesta vieh\u00e4tt\u00e4v\u00e4st\u00e4 majoituksesta avautuu kaunis ja rauhoittava maisema vehre\u00e4\u00e4n puutarhaamme tai siniselle j\u00e4rvelle.<\/p>\n","protected":false},"excerpt":{"rendered":"<p>Riihisyrj\u00e4 8 vuodepaikkaa ja 10-hengen sauna, saneerattu 2023<\/p>\n<p>Yli 5 y\u00f6n varaukset tehd\u00e4\u00e4n viikkovarauksena. Valitse t\u00e4ll\u00f6in <a href=\"https:\/\/www.kivennapa.com\/tuote\/mokki-riihisyrja-viikkovaraus\/\">viikkovaraustuote<\/a>.<\/p>\n","protected":false},"featured_media":1212,"template":"","meta":[],"product_brand":[],"product_cat":[41,40],"product_tag":[],"class_list":{"0":"post-1260","1":"product","2":"type-product","3":"status-publish","4":"has-post-thumbnail","6":"product_cat-majoitukset","7":"product_cat-rantasaunamokit","9":"first","10":"instock","11":"virtual","12":"taxable","13":"purchasable","14":"product-type-simple_booking"},"yoast_head":"<!-- This site is optimized with the Yoast SEO plugin v27.6 - https:\/\/yoast.com\/product\/yoast-seo-wordpress\/ -->\n<title>M\u00f6kki Riihisyrj\u00e4 (p\u00e4iv\u00e4varaus max. 5 y\u00f6t\u00e4) - Kivennapa<\/title>\n<meta name=\"robots\" content=\"index, follow, max-snippet:-1, max-image-preview:large, max-video-preview:-1\" \/>\n<link rel=\"canonical\" href=\"https:\/\/www.kivennapa.com\/tuote\/mokki-riihisyrja\/\" \/>\n<meta property=\"og:locale\" content=\"en_US\" \/>\n<meta property=\"og:type\" content=\"article\" \/>\n<meta property=\"og:title\" content=\"M\u00f6kki Riihisyrj\u00e4 (p\u00e4iv\u00e4varaus max. 5 y\u00f6t\u00e4) - Kivennapa\" \/>\n<meta property=\"og:description\" content=\"Riihisyrj\u00e4 8 vuodepaikkaa ja 10-hengen sauna, saneerattu 2023  Yli 5 y\u00f6n varaukset tehd\u00e4\u00e4n viikkovarauksena. Valitse t\u00e4ll\u00f6in viikkovaraustuote.\" \/>\n<meta property=\"og:url\" content=\"https:\/\/www.kivennapa.com\/tuote\/mokki-riihisyrja\/\" \/>\n<meta property=\"og:site_name\" content=\"Kivennapa\" \/>\n<meta property=\"article:publisher\" content=\"https:\/\/www.facebook.com\/KivennapaMatkailukartano\/\" \/>\n<meta property=\"article:modified_time\" content=\"2026-05-15T08:56:43+00:00\" \/>\n<meta property=\"og:image\" content=\"https:\/\/www.kivennapa.com\/wp-content\/uploads\/2026\/02\/Mokki-Riihisyrja-nettisivuille-kuva-2-scaled-1.jpg\" \/>\n\t<meta property=\"og:image:width\" content=\"2560\" \/>\n\t<meta property=\"og:image:height\" content=\"1707\" \/>\n\t<meta property=\"og:image:type\" content=\"image\/jpeg\" \/>\n<meta name=\"twitter:card\" content=\"summary_large_image\" \/>\n<meta name=\"twitter:label1\" content=\"Est. reading time\" \/>\n\t<meta name=\"twitter:data1\" content=\"1 minute\" \/>\n<script type=\"application\/ld+json\" class=\"yoast-schema-graph\">{\"@context\":\"https:\\\/\\\/schema.org\",\"@graph\":[{\"@type\":\"WebPage\",\"@id\":\"https:\\\/\\\/www.kivennapa.com\\\/tuote\\\/mokki-riihisyrja\\\/\",\"url\":\"https:\\\/\\\/www.kivennapa.com\\\/tuote\\\/mokki-riihisyrja\\\/\",\"name\":\"M\u00f6kki Riihisyrj\u00e4 (p\u00e4iv\u00e4varaus max. 5 y\u00f6t\u00e4) - Kivennapa\",\"isPartOf\":{\"@id\":\"https:\\\/\\\/www.kivennapa.com\\\/#website\"},\"primaryImageOfPage\":{\"@id\":\"https:\\\/\\\/www.kivennapa.com\\\/tuote\\\/mokki-riihisyrja\\\/#primaryimage\"},\"image\":{\"@id\":\"https:\\\/\\\/www.kivennapa.com\\\/tuote\\\/mokki-riihisyrja\\\/#primaryimage\"},\"thumbnailUrl\":\"https:\\\/\\\/www.kivennapa.com\\\/wp-content\\\/uploads\\\/2026\\\/02\\\/Mokki-Riihisyrja-nettisivuille-kuva-2-scaled-1.jpg\",\"datePublished\":\"2026-02-19T16:50:34+00:00\",\"dateModified\":\"2026-05-15T08:56:43+00:00\",\"breadcrumb\":{\"@id\":\"https:\\\/\\\/www.kivennapa.com\\\/tuote\\\/mokki-riihisyrja\\\/#breadcrumb\"},\"inLanguage\":\"en-US\",\"potentialAction\":[{\"@type\":\"ReadAction\",\"target\":[\"https:\\\/\\\/www.kivennapa.com\\\/tuote\\\/mokki-riihisyrja\\\/\"]}]},{\"@type\":\"ImageObject\",\"inLanguage\":\"en-US\",\"@id\":\"https:\\\/\\\/www.kivennapa.com\\\/tuote\\\/mokki-riihisyrja\\\/#primaryimage\",\"url\":\"https:\\\/\\\/www.kivennapa.com\\\/wp-content\\\/uploads\\\/2026\\\/02\\\/Mokki-Riihisyrja-nettisivuille-kuva-2-scaled-1.jpg\",\"contentUrl\":\"https:\\\/\\\/www.kivennapa.com\\\/wp-content\\\/uploads\\\/2026\\\/02\\\/Mokki-Riihisyrja-nettisivuille-kuva-2-scaled-1.jpg\",\"width\":2560,\"height\":1707},{\"@type\":\"BreadcrumbList\",\"@id\":\"https:\\\/\\\/www.kivennapa.com\\\/tuote\\\/mokki-riihisyrja\\\/#breadcrumb\",\"itemListElement\":[{\"@type\":\"ListItem\",\"position\":1,\"name\":\"Etusivu\",\"item\":\"https:\\\/\\\/www.kivennapa.com\\\/en\\\/home\\\/\"},{\"@type\":\"ListItem\",\"position\":2,\"name\":\"Varattavat kohteet\",\"item\":\"https:\\\/\\\/www.kivennapa.com\\\/varauskohteet\\\/\"},{\"@type\":\"ListItem\",\"position\":3,\"name\":\"M\u00f6kki Riihisyrj\u00e4 (p\u00e4iv\u00e4varaus max. 5 y\u00f6t\u00e4)\"}]},{\"@type\":\"WebSite\",\"@id\":\"https:\\\/\\\/www.kivennapa.com\\\/#website\",\"url\":\"https:\\\/\\\/www.kivennapa.com\\\/\",\"name\":\"Kivennapa\",\"description\":\"The best a meeting can get\",\"publisher\":{\"@id\":\"https:\\\/\\\/www.kivennapa.com\\\/#organization\"},\"potentialAction\":[{\"@type\":\"SearchAction\",\"target\":{\"@type\":\"EntryPoint\",\"urlTemplate\":\"https:\\\/\\\/www.kivennapa.com\\\/?s={search_term_string}\"},\"query-input\":{\"@type\":\"PropertyValueSpecification\",\"valueRequired\":true,\"valueName\":\"search_term_string\"}}],\"inLanguage\":\"en-US\"},{\"@type\":\"Organization\",\"@id\":\"https:\\\/\\\/www.kivennapa.com\\\/#organization\",\"name\":\"Maatilamatkailu Kivennapa\",\"url\":\"https:\\\/\\\/www.kivennapa.com\\\/\",\"logo\":{\"@type\":\"ImageObject\",\"inLanguage\":\"en-US\",\"@id\":\"https:\\\/\\\/www.kivennapa.com\\\/#\\\/schema\\\/logo\\\/image\\\/\",\"url\":\"https:\\\/\\\/www.kivennapa.com\\\/wp-content\\\/uploads\\\/2026\\\/03\\\/Kivennapa-logo.png\",\"contentUrl\":\"https:\\\/\\\/www.kivennapa.com\\\/wp-content\\\/uploads\\\/2026\\\/03\\\/Kivennapa-logo.png\",\"width\":1361,\"height\":444,\"caption\":\"Maatilamatkailu Kivennapa\"},\"image\":{\"@id\":\"https:\\\/\\\/www.kivennapa.com\\\/#\\\/schema\\\/logo\\\/image\\\/\"},\"sameAs\":[\"https:\\\/\\\/www.facebook.com\\\/KivennapaMatkailukartano\\\/\"]}]}<\/script>\n<!-- \/ Yoast SEO plugin. -->","yoast_head_json":{"title":"M\u00f6kki Riihisyrj\u00e4 (p\u00e4iv\u00e4varaus max. 5 y\u00f6t\u00e4) - Kivennapa","robots":{"index":"index","follow":"follow","max-snippet":"max-snippet:-1","max-image-preview":"max-image-preview:large","max-video-preview":"max-video-preview:-1"},"canonical":"https:\/\/www.kivennapa.com\/tuote\/mokki-riihisyrja\/","og_locale":"en_US","og_type":"article","og_title":"M\u00f6kki Riihisyrj\u00e4 (p\u00e4iv\u00e4varaus max. 5 y\u00f6t\u00e4) - Kivennapa","og_description":"Riihisyrj\u00e4 8 vuodepaikkaa ja 10-hengen sauna, saneerattu 2023  Yli 5 y\u00f6n varaukset tehd\u00e4\u00e4n viikkovarauksena. Valitse t\u00e4ll\u00f6in viikkovaraustuote.","og_url":"https:\/\/www.kivennapa.com\/tuote\/mokki-riihisyrja\/","og_site_name":"Kivennapa","article_publisher":"https:\/\/www.facebook.com\/KivennapaMatkailukartano\/","article_modified_time":"2026-05-15T08:56:43+00:00","og_image":[{"width":2560,"height":1707,"url":"https:\/\/www.kivennapa.com\/wp-content\/uploads\/2026\/02\/Mokki-Riihisyrja-nettisivuille-kuva-2-scaled-1.jpg","type":"image\/jpeg"}],"twitter_card":"summary_large_image","twitter_misc":{"Est. reading time":"1 minute"},"schema":{"@context":"https:\/\/schema.org","@graph":[{"@type":"WebPage","@id":"https:\/\/www.kivennapa.com\/tuote\/mokki-riihisyrja\/","url":"https:\/\/www.kivennapa.com\/tuote\/mokki-riihisyrja\/","name":"M\u00f6kki Riihisyrj\u00e4 (p\u00e4iv\u00e4varaus max. 5 y\u00f6t\u00e4) - Kivennapa","isPartOf":{"@id":"https:\/\/www.kivennapa.com\/#website"},"primaryImageOfPage":{"@id":"https:\/\/www.kivennapa.com\/tuote\/mokki-riihisyrja\/#primaryimage"},"image":{"@id":"https:\/\/www.kivennapa.com\/tuote\/mokki-riihisyrja\/#primaryimage"},"thumbnailUrl":"https:\/\/www.kivennapa.com\/wp-content\/uploads\/2026\/02\/Mokki-Riihisyrja-nettisivuille-kuva-2-scaled-1.jpg","datePublished":"2026-02-19T16:50:34+00:00","dateModified":"2026-05-15T08:56:43+00:00","breadcrumb":{"@id":"https:\/\/www.kivennapa.com\/tuote\/mokki-riihisyrja\/#breadcrumb"},"inLanguage":"en-US","potentialAction":[{"@type":"ReadAction","target":["https:\/\/www.kivennapa.com\/tuote\/mokki-riihisyrja\/"]}]},{"@type":"ImageObject","inLanguage":"en-US","@id":"https:\/\/www.kivennapa.com\/tuote\/mokki-riihisyrja\/#primaryimage","url":"https:\/\/www.kivennapa.com\/wp-content\/uploads\/2026\/02\/Mokki-Riihisyrja-nettisivuille-kuva-2-scaled-1.jpg","contentUrl":"https:\/\/www.kivennapa.com\/wp-content\/uploads\/2026\/02\/Mokki-Riihisyrja-nettisivuille-kuva-2-scaled-1.jpg","width":2560,"height":1707},{"@type":"BreadcrumbList","@id":"https:\/\/www.kivennapa.com\/tuote\/mokki-riihisyrja\/#breadcrumb","itemListElement":[{"@type":"ListItem","position":1,"name":"Etusivu","item":"https:\/\/www.kivennapa.com\/en\/home\/"},{"@type":"ListItem","position":2,"name":"Varattavat kohteet","item":"https:\/\/www.kivennapa.com\/varauskohteet\/"},{"@type":"ListItem","position":3,"name":"M\u00f6kki Riihisyrj\u00e4 (p\u00e4iv\u00e4varaus max. 5 y\u00f6t\u00e4)"}]},{"@type":"WebSite","@id":"https:\/\/www.kivennapa.com\/#website","url":"https:\/\/www.kivennapa.com\/","name":"Kivennapa","description":"The best a meeting can get","publisher":{"@id":"https:\/\/www.kivennapa.com\/#organization"},"potentialAction":[{"@type":"SearchAction","target":{"@type":"EntryPoint","urlTemplate":"https:\/\/www.kivennapa.com\/?s={search_term_string}"},"query-input":{"@type":"PropertyValueSpecification","valueRequired":true,"valueName":"search_term_string"}}],"inLanguage":"en-US"},{"@type":"Organization","@id":"https:\/\/www.kivennapa.com\/#organization","name":"Maatilamatkailu Kivennapa","url":"https:\/\/www.kivennapa.com\/","logo":{"@type":"ImageObject","inLanguage":"en-US","@id":"https:\/\/www.kivennapa.com\/#\/schema\/logo\/image\/","url":"https:\/\/www.kivennapa.com\/wp-content\/uploads\/2026\/03\/Kivennapa-logo.png","contentUrl":"https:\/\/www.kivennapa.com\/wp-content\/uploads\/2026\/03\/Kivennapa-logo.png","width":1361,"height":444,"caption":"Maatilamatkailu Kivennapa"},"image":{"@id":"https:\/\/www.kivennapa.com\/#\/schema\/logo\/image\/"},"sameAs":["https:\/\/www.facebook.com\/KivennapaMatkailukartano\/"]}]}},"publishpress_future_workflow_manual_trigger":{"enabledWorkflows":[]},"_links":{"self":[{"href":"https:\/\/www.kivennapa.com\/en\/wp-json\/wp\/v2\/product\/1260","targetHints":{"allow":["GET"]}}],"collection":[{"href":"https:\/\/www.kivennapa.com\/en\/wp-json\/wp\/v2\/product"}],"about":[{"href":"https:\/\/www.kivennapa.com\/en\/wp-json\/wp\/v2\/types\/product"}],"wp:featuredmedia":[{"embeddable":true,"href":"https:\/\/www.kivennapa.com\/en\/wp-json\/wp\/v2\/media\/1212"}],"wp:attachment":[{"href":"https:\/\/www.kivennapa.com\/en\/wp-json\/wp\/v2\/media?parent=1260"}],"wp:term":[{"taxonomy":"product_brand","embeddable":true,"href":"https:\/\/www.kivennapa.com\/en\/wp-json\/wp\/v2\/product_brand?post=1260"},{"taxonomy":"product_cat","embeddable":true,"href":"https:\/\/www.kivennapa.com\/en\/wp-json\/wp\/v2\/product_cat?post=1260"},{"taxonomy":"product_tag","embeddable":true,"href":"https:\/\/www.kivennapa.com\/en\/wp-json\/wp\/v2\/product_tag?post=1260"}],"curies":[{"name":"wp","href":"https:\/\/api.w.org\/{rel}","templated":true}]}}